{"id":5423,"date":"2022-09-09T08:47:30","date_gmt":"2022-09-09T06:47:30","guid":{"rendered":"https:\/\/memento-mori.fr\/product\/suspension-en-laiton-circa-1920\/"},"modified":"2024-12-28T15:37:11","modified_gmt":"2024-12-28T14:37:11","slug":"suspension-en-laiton-circa-1920","status":"publish","type":"product","link":"https:\/\/memento-mori.fr\/fr\/produit\/suspension-en-laiton-circa-1920\/","title":{"rendered":"Suspension en laiton, circa 1920"},"content":{"rendered":"<p>Le verre de la partie sup\u00e9rieure est en opaline, le verre de la partie inf\u00e9rieure est sabl\u00e9.<br \/>\nElectrification contemporaine.<\/p>\n<p>Dimensions : H. 80 cm x Diam. 26 cm<\/p>\n<p>&nbsp;<\/p>\n","protected":false},"excerpt":{"rendered":"<p>Le verre de la partie sup\u00e9rieure est en opaline, le verre de la partie inf\u00e9rieure est sabl\u00e9. Electrification contemporaine. Dimensions : H. 80 cm x Diam. 26 cm &nbsp;<\/p>\n","protected":false},"featured_media":2805,"template":"","meta":{"_acf_changed":false,"_et_pb_use_builder":"","_et_pb_old_content":"","_et_gb_content_width":""},"product_brand":[],"product_cat":[157],"product_tag":[255],"product-types":[208,209],"class_list":{"0":"post-5423","1":"product","2":"type-product","3":"status-publish","4":"has-post-thumbnail","6":"product_cat-vendu","7":"product_tag-opaline","8":"product-types-luminaires","9":"product-types-chandeliers-lustres","11":"first","12":"outofstock","13":"shipping-taxable","14":"product-type-simple"},"acf":[],"yoast_head":"<!-- This site is optimized with the Yoast SEO plugin v27.1.1 - https:\/\/yoast.com\/product\/yoast-seo-wordpress\/ -->\n<title>Suspension en laiton, circa 1920 - MEMENTO-MORI<\/title>\n<meta name=\"robots\" content=\"index, follow, max-snippet:-1, max-image-preview:large, max-video-preview:-1\" \/>\n<link rel=\"canonical\" href=\"https:\/\/memento-mori.fr\/fr\/produit\/suspension-en-laiton-circa-1920\/\" \/>\n<meta property=\"og:locale\" content=\"fr_FR\" \/>\n<meta property=\"og:type\" content=\"article\" \/>\n<meta property=\"og:title\" content=\"Suspension en laiton, circa 1920 - MEMENTO-MORI\" \/>\n<meta property=\"og:description\" content=\"Le verre de la partie sup\u00e9rieure est en opaline, le verre de la partie inf\u00e9rieure est sabl\u00e9. Electrification contemporaine. Dimensions : H. 80 cm x Diam. 26 cm &nbsp;\" \/>\n<meta property=\"og:site_name\" content=\"MEMENTO-MORI\" \/>\n<meta property=\"article:publisher\" content=\"https:\/\/www.facebook.com\/mmtomori\" \/>\n<meta property=\"article:modified_time\" content=\"2024-12-28T14:37:11+00:00\" \/>\n<meta property=\"og:image\" content=\"https:\/\/memento-mori.fr\/wp-content\/uploads\/2022\/09\/D1648_1.jpg\" \/>\n\t<meta property=\"og:image:width\" content=\"1536\" \/>\n\t<meta property=\"og:image:height\" content=\"1536\" \/>\n\t<meta property=\"og:image:type\" content=\"image\/jpeg\" \/>\n<meta name=\"twitter:card\" content=\"summary_large_image\" \/>\n<script type=\"application\/ld+json\" class=\"yoast-schema-graph\">{\"@context\":\"https:\/\/schema.org\",\"@graph\":[{\"@type\":\"WebPage\",\"@id\":\"https:\/\/memento-mori.fr\/fr\/produit\/suspension-en-laiton-circa-1920\/\",\"url\":\"https:\/\/memento-mori.fr\/fr\/produit\/suspension-en-laiton-circa-1920\/\",\"name\":\"Suspension en laiton, circa 1920 - MEMENTO-MORI\",\"isPartOf\":{\"@id\":\"https:\/\/memento-mori.fr\/fr\/#website\"},\"primaryImageOfPage\":{\"@id\":\"https:\/\/memento-mori.fr\/fr\/produit\/suspension-en-laiton-circa-1920\/#primaryimage\"},\"image\":{\"@id\":\"https:\/\/memento-mori.fr\/fr\/produit\/suspension-en-laiton-circa-1920\/#primaryimage\"},\"thumbnailUrl\":\"https:\/\/memento-mori.fr\/wp-content\/uploads\/2022\/09\/D1648_1.jpg\",\"datePublished\":\"2022-09-09T06:47:30+00:00\",\"dateModified\":\"2024-12-28T14:37:11+00:00\",\"breadcrumb\":{\"@id\":\"https:\/\/memento-mori.fr\/fr\/produit\/suspension-en-laiton-circa-1920\/#breadcrumb\"},\"inLanguage\":\"fr-FR\",\"potentialAction\":[{\"@type\":\"ReadAction\",\"target\":[\"https:\/\/memento-mori.fr\/fr\/produit\/suspension-en-laiton-circa-1920\/\"]}]},{\"@type\":\"ImageObject\",\"inLanguage\":\"fr-FR\",\"@id\":\"https:\/\/memento-mori.fr\/fr\/produit\/suspension-en-laiton-circa-1920\/#primaryimage\",\"url\":\"https:\/\/memento-mori.fr\/wp-content\/uploads\/2022\/09\/D1648_1.jpg\",\"contentUrl\":\"https:\/\/memento-mori.fr\/wp-content\/uploads\/2022\/09\/D1648_1.jpg\",\"width\":1536,\"height\":1536},{\"@type\":\"BreadcrumbList\",\"@id\":\"https:\/\/memento-mori.fr\/fr\/produit\/suspension-en-laiton-circa-1920\/#breadcrumb\",\"itemListElement\":[{\"@type\":\"ListItem\",\"position\":1,\"name\":\"Accueil\",\"item\":\"https:\/\/memento-mori.fr\/fr\/\"},{\"@type\":\"ListItem\",\"position\":2,\"name\":\"Boutique\",\"item\":\"https:\/\/memento-mori.fr\/fr\/?page_id=8\"},{\"@type\":\"ListItem\",\"position\":3,\"name\":\"Suspension en laiton, circa 1920\"}]},{\"@type\":\"WebSite\",\"@id\":\"https:\/\/memento-mori.fr\/fr\/#website\",\"url\":\"https:\/\/memento-mori.fr\/fr\/\",\"name\":\"MEMENTO-MORI\",\"description\":\"\",\"publisher\":{\"@id\":\"https:\/\/memento-mori.fr\/fr\/#organization\"},\"potentialAction\":[{\"@type\":\"SearchAction\",\"target\":{\"@type\":\"EntryPoint\",\"urlTemplate\":\"https:\/\/memento-mori.fr\/fr\/?s={search_term_string}\"},\"query-input\":{\"@type\":\"PropertyValueSpecification\",\"valueRequired\":true,\"valueName\":\"search_term_string\"}}],\"inLanguage\":\"fr-FR\"},{\"@type\":\"Organization\",\"@id\":\"https:\/\/memento-mori.fr\/fr\/#organization\",\"name\":\"MEMENTO-MORI\",\"url\":\"https:\/\/memento-mori.fr\/fr\/\",\"logo\":{\"@type\":\"ImageObject\",\"inLanguage\":\"fr-FR\",\"@id\":\"https:\/\/memento-mori.fr\/fr\/#\/schema\/logo\/image\/\",\"url\":\"https:\/\/memento-mori.fr\/wp-content\/uploads\/2022\/05\/logo-MEMENTO-webpdf_noir.png\",\"contentUrl\":\"https:\/\/memento-mori.fr\/wp-content\/uploads\/2022\/05\/logo-MEMENTO-webpdf_noir.png\",\"width\":200,\"height\":57,\"caption\":\"MEMENTO-MORI\"},\"image\":{\"@id\":\"https:\/\/memento-mori.fr\/fr\/#\/schema\/logo\/image\/\"},\"sameAs\":[\"https:\/\/www.facebook.com\/mmtomori\",\"https:\/\/www.instagram.com\/mementomorigallery\/\"]}]}<\/script>\n<!-- \/ Yoast SEO plugin. -->","yoast_head_json":{"title":"Suspension en laiton, circa 1920 - MEMENTO-MORI","robots":{"index":"index","follow":"follow","max-snippet":"max-snippet:-1","max-image-preview":"max-image-preview:large","max-video-preview":"max-video-preview:-1"},"canonical":"https:\/\/memento-mori.fr\/fr\/produit\/suspension-en-laiton-circa-1920\/","og_locale":"fr_FR","og_type":"article","og_title":"Suspension en laiton, circa 1920 - MEMENTO-MORI","og_description":"Le verre de la partie sup\u00e9rieure est en opaline, le verre de la partie inf\u00e9rieure est sabl\u00e9. Electrification contemporaine. Dimensions : H. 80 cm x Diam. 26 cm &nbsp;","og_site_name":"MEMENTO-MORI","article_publisher":"https:\/\/www.facebook.com\/mmtomori","article_modified_time":"2024-12-28T14:37:11+00:00","og_image":[{"width":1536,"height":1536,"url":"https:\/\/memento-mori.fr\/wp-content\/uploads\/2022\/09\/D1648_1.jpg","type":"image\/jpeg"}],"twitter_card":"summary_large_image","schema":{"@context":"https:\/\/schema.org","@graph":[{"@type":"WebPage","@id":"https:\/\/memento-mori.fr\/fr\/produit\/suspension-en-laiton-circa-1920\/","url":"https:\/\/memento-mori.fr\/fr\/produit\/suspension-en-laiton-circa-1920\/","name":"Suspension en laiton, circa 1920 - MEMENTO-MORI","isPartOf":{"@id":"https:\/\/memento-mori.fr\/fr\/#website"},"primaryImageOfPage":{"@id":"https:\/\/memento-mori.fr\/fr\/produit\/suspension-en-laiton-circa-1920\/#primaryimage"},"image":{"@id":"https:\/\/memento-mori.fr\/fr\/produit\/suspension-en-laiton-circa-1920\/#primaryimage"},"thumbnailUrl":"https:\/\/memento-mori.fr\/wp-content\/uploads\/2022\/09\/D1648_1.jpg","datePublished":"2022-09-09T06:47:30+00:00","dateModified":"2024-12-28T14:37:11+00:00","breadcrumb":{"@id":"https:\/\/memento-mori.fr\/fr\/produit\/suspension-en-laiton-circa-1920\/#breadcrumb"},"inLanguage":"fr-FR","potentialAction":[{"@type":"ReadAction","target":["https:\/\/memento-mori.fr\/fr\/produit\/suspension-en-laiton-circa-1920\/"]}]},{"@type":"ImageObject","inLanguage":"fr-FR","@id":"https:\/\/memento-mori.fr\/fr\/produit\/suspension-en-laiton-circa-1920\/#primaryimage","url":"https:\/\/memento-mori.fr\/wp-content\/uploads\/2022\/09\/D1648_1.jpg","contentUrl":"https:\/\/memento-mori.fr\/wp-content\/uploads\/2022\/09\/D1648_1.jpg","width":1536,"height":1536},{"@type":"BreadcrumbList","@id":"https:\/\/memento-mori.fr\/fr\/produit\/suspension-en-laiton-circa-1920\/#breadcrumb","itemListElement":[{"@type":"ListItem","position":1,"name":"Accueil","item":"https:\/\/memento-mori.fr\/fr\/"},{"@type":"ListItem","position":2,"name":"Boutique","item":"https:\/\/memento-mori.fr\/fr\/?page_id=8"},{"@type":"ListItem","position":3,"name":"Suspension en laiton, circa 1920"}]},{"@type":"WebSite","@id":"https:\/\/memento-mori.fr\/fr\/#website","url":"https:\/\/memento-mori.fr\/fr\/","name":"MEMENTO-MORI","description":"","publisher":{"@id":"https:\/\/memento-mori.fr\/fr\/#organization"},"potentialAction":[{"@type":"SearchAction","target":{"@type":"EntryPoint","urlTemplate":"https:\/\/memento-mori.fr\/fr\/?s={search_term_string}"},"query-input":{"@type":"PropertyValueSpecification","valueRequired":true,"valueName":"search_term_string"}}],"inLanguage":"fr-FR"},{"@type":"Organization","@id":"https:\/\/memento-mori.fr\/fr\/#organization","name":"MEMENTO-MORI","url":"https:\/\/memento-mori.fr\/fr\/","logo":{"@type":"ImageObject","inLanguage":"fr-FR","@id":"https:\/\/memento-mori.fr\/fr\/#\/schema\/logo\/image\/","url":"https:\/\/memento-mori.fr\/wp-content\/uploads\/2022\/05\/logo-MEMENTO-webpdf_noir.png","contentUrl":"https:\/\/memento-mori.fr\/wp-content\/uploads\/2022\/05\/logo-MEMENTO-webpdf_noir.png","width":200,"height":57,"caption":"MEMENTO-MORI"},"image":{"@id":"https:\/\/memento-mori.fr\/fr\/#\/schema\/logo\/image\/"},"sameAs":["https:\/\/www.facebook.com\/mmtomori","https:\/\/www.instagram.com\/mementomorigallery\/"]}]}},"_links":{"self":[{"href":"https:\/\/memento-mori.fr\/fr\/wp-json\/wp\/v2\/product\/5423","targetHints":{"allow":["GET"]}}],"collection":[{"href":"https:\/\/memento-mori.fr\/fr\/wp-json\/wp\/v2\/product"}],"about":[{"href":"https:\/\/memento-mori.fr\/fr\/wp-json\/wp\/v2\/types\/product"}],"wp:featuredmedia":[{"embeddable":true,"href":"https:\/\/memento-mori.fr\/fr\/wp-json\/wp\/v2\/media\/2805"}],"wp:attachment":[{"href":"https:\/\/memento-mori.fr\/fr\/wp-json\/wp\/v2\/media?parent=5423"}],"wp:term":[{"taxonomy":"product_brand","embeddable":true,"href":"https:\/\/memento-mori.fr\/fr\/wp-json\/wp\/v2\/product_brand?post=5423"},{"taxonomy":"product_cat","embeddable":true,"href":"https:\/\/memento-mori.fr\/fr\/wp-json\/wp\/v2\/product_cat?post=5423"},{"taxonomy":"product_tag","embeddable":true,"href":"https:\/\/memento-mori.fr\/fr\/wp-json\/wp\/v2\/product_tag?post=5423"},{"taxonomy":"product-types","embeddable":true,"href":"https:\/\/memento-mori.fr\/fr\/wp-json\/wp\/v2\/product-types?post=5423"}],"curies":[{"name":"wp","href":"https:\/\/api.w.org\/{rel}","templated":true}]}}