{"id":5532,"date":"2022-08-31T16:47:57","date_gmt":"2022-08-31T14:47:57","guid":{"rendered":"https:\/\/memento-mori.fr\/product\/moulages-orthopediques-denfants-entre-1900-et-1930\/"},"modified":"2024-12-28T15:37:46","modified_gmt":"2024-12-28T14:37:46","slug":"moulages-orthopediques-denfants-entre-1900-et-1930","status":"publish","type":"product","link":"https:\/\/memento-mori.fr\/fr\/produit\/moulages-orthopediques-denfants-entre-1900-et-1930\/","title":{"rendered":"Moulages orthop\u00e9diques d&#8217;enfants entre 1900 et 1930"},"content":{"rendered":"<p>Moulages de d\u00e9formations orthop\u00e9diques d&#8217;enfants en pl\u00e2tre. Quelques accidents mineurs.<\/p>\n","protected":false},"excerpt":{"rendered":"<p>Moulages de d\u00e9formations orthop\u00e9diques d&#8217;enfants en pl\u00e2tre. Quelques accidents mineurs.<\/p>\n","protected":false},"featured_media":1597,"template":"","meta":{"_acf_changed":false,"_et_pb_use_builder":"","_et_pb_old_content":"","_et_gb_content_width":""},"product_brand":[],"product_cat":[155],"product_tag":[181],"product-types":[213,215,212],"class_list":{"0":"post-5532","1":"product","2":"type-product","3":"status-publish","4":"has-post-thumbnail","6":"product_cat-location","7":"product_tag-medical-study-fr","8":"product-types-anatomie","9":"product-types-medecine","10":"product-types-science-et-bizarrerie","12":"first","13":"instock","14":"shipping-taxable","15":"product-type-simple"},"acf":[],"yoast_head":"<!-- This site is optimized with the Yoast SEO plugin v27.1.1 - https:\/\/yoast.com\/product\/yoast-seo-wordpress\/ -->\n<title>Moulages orthop\u00e9diques d&#039;enfants entre 1900 et 1930 - MEMENTO-MORI<\/title>\n<meta name=\"robots\" content=\"index, follow, max-snippet:-1, max-image-preview:large, max-video-preview:-1\" \/>\n<link rel=\"canonical\" href=\"https:\/\/memento-mori.fr\/fr\/produit\/moulages-orthopediques-denfants-entre-1900-et-1930\/\" \/>\n<meta property=\"og:locale\" content=\"fr_FR\" \/>\n<meta property=\"og:type\" content=\"article\" \/>\n<meta property=\"og:title\" content=\"Moulages orthop\u00e9diques d&#039;enfants entre 1900 et 1930 - MEMENTO-MORI\" \/>\n<meta property=\"og:description\" content=\"Moulages de d\u00e9formations orthop\u00e9diques d&#8217;enfants en pl\u00e2tre. Quelques accidents mineurs.\" \/>\n<meta property=\"og:site_name\" content=\"MEMENTO-MORI\" \/>\n<meta property=\"article:publisher\" content=\"https:\/\/www.facebook.com\/mmtomori\" \/>\n<meta property=\"article:modified_time\" content=\"2024-12-28T14:37:46+00:00\" \/>\n<meta property=\"og:image\" content=\"https:\/\/memento-mori.fr\/wp-content\/uploads\/2022\/08\/D1752-6.jpg\" \/>\n\t<meta property=\"og:image:width\" content=\"1536\" \/>\n\t<meta property=\"og:image:height\" content=\"1536\" \/>\n\t<meta property=\"og:image:type\" content=\"image\/jpeg\" \/>\n<meta name=\"twitter:card\" content=\"summary_large_image\" \/>\n<script type=\"application\/ld+json\" class=\"yoast-schema-graph\">{\"@context\":\"https:\/\/schema.org\",\"@graph\":[{\"@type\":\"WebPage\",\"@id\":\"https:\/\/memento-mori.fr\/fr\/produit\/moulages-orthopediques-denfants-entre-1900-et-1930\/\",\"url\":\"https:\/\/memento-mori.fr\/fr\/produit\/moulages-orthopediques-denfants-entre-1900-et-1930\/\",\"name\":\"Moulages orthop\u00e9diques d'enfants entre 1900 et 1930 - MEMENTO-MORI\",\"isPartOf\":{\"@id\":\"https:\/\/memento-mori.fr\/fr\/#website\"},\"primaryImageOfPage\":{\"@id\":\"https:\/\/memento-mori.fr\/fr\/produit\/moulages-orthopediques-denfants-entre-1900-et-1930\/#primaryimage\"},\"image\":{\"@id\":\"https:\/\/memento-mori.fr\/fr\/produit\/moulages-orthopediques-denfants-entre-1900-et-1930\/#primaryimage\"},\"thumbnailUrl\":\"https:\/\/memento-mori.fr\/wp-content\/uploads\/2022\/08\/D1752-6.jpg\",\"datePublished\":\"2022-08-31T14:47:57+00:00\",\"dateModified\":\"2024-12-28T14:37:46+00:00\",\"breadcrumb\":{\"@id\":\"https:\/\/memento-mori.fr\/fr\/produit\/moulages-orthopediques-denfants-entre-1900-et-1930\/#breadcrumb\"},\"inLanguage\":\"fr-FR\",\"potentialAction\":[{\"@type\":\"ReadAction\",\"target\":[\"https:\/\/memento-mori.fr\/fr\/produit\/moulages-orthopediques-denfants-entre-1900-et-1930\/\"]}]},{\"@type\":\"ImageObject\",\"inLanguage\":\"fr-FR\",\"@id\":\"https:\/\/memento-mori.fr\/fr\/produit\/moulages-orthopediques-denfants-entre-1900-et-1930\/#primaryimage\",\"url\":\"https:\/\/memento-mori.fr\/wp-content\/uploads\/2022\/08\/D1752-6.jpg\",\"contentUrl\":\"https:\/\/memento-mori.fr\/wp-content\/uploads\/2022\/08\/D1752-6.jpg\",\"width\":1536,\"height\":1536},{\"@type\":\"BreadcrumbList\",\"@id\":\"https:\/\/memento-mori.fr\/fr\/produit\/moulages-orthopediques-denfants-entre-1900-et-1930\/#breadcrumb\",\"itemListElement\":[{\"@type\":\"ListItem\",\"position\":1,\"name\":\"Accueil\",\"item\":\"https:\/\/memento-mori.fr\/fr\/\"},{\"@type\":\"ListItem\",\"position\":2,\"name\":\"Boutique\",\"item\":\"https:\/\/memento-mori.fr\/fr\/?page_id=8\"},{\"@type\":\"ListItem\",\"position\":3,\"name\":\"Moulages orthop\u00e9diques d&#8217;enfants entre 1900 et 1930\"}]},{\"@type\":\"WebSite\",\"@id\":\"https:\/\/memento-mori.fr\/fr\/#website\",\"url\":\"https:\/\/memento-mori.fr\/fr\/\",\"name\":\"MEMENTO-MORI\",\"description\":\"\",\"publisher\":{\"@id\":\"https:\/\/memento-mori.fr\/fr\/#organization\"},\"potentialAction\":[{\"@type\":\"SearchAction\",\"target\":{\"@type\":\"EntryPoint\",\"urlTemplate\":\"https:\/\/memento-mori.fr\/fr\/?s={search_term_string}\"},\"query-input\":{\"@type\":\"PropertyValueSpecification\",\"valueRequired\":true,\"valueName\":\"search_term_string\"}}],\"inLanguage\":\"fr-FR\"},{\"@type\":\"Organization\",\"@id\":\"https:\/\/memento-mori.fr\/fr\/#organization\",\"name\":\"MEMENTO-MORI\",\"url\":\"https:\/\/memento-mori.fr\/fr\/\",\"logo\":{\"@type\":\"ImageObject\",\"inLanguage\":\"fr-FR\",\"@id\":\"https:\/\/memento-mori.fr\/fr\/#\/schema\/logo\/image\/\",\"url\":\"https:\/\/memento-mori.fr\/wp-content\/uploads\/2022\/05\/logo-MEMENTO-webpdf_noir.png\",\"contentUrl\":\"https:\/\/memento-mori.fr\/wp-content\/uploads\/2022\/05\/logo-MEMENTO-webpdf_noir.png\",\"width\":200,\"height\":57,\"caption\":\"MEMENTO-MORI\"},\"image\":{\"@id\":\"https:\/\/memento-mori.fr\/fr\/#\/schema\/logo\/image\/\"},\"sameAs\":[\"https:\/\/www.facebook.com\/mmtomori\",\"https:\/\/www.instagram.com\/mementomorigallery\/\"]}]}<\/script>\n<!-- \/ Yoast SEO plugin. -->","yoast_head_json":{"title":"Moulages orthop\u00e9diques d'enfants entre 1900 et 1930 - MEMENTO-MORI","robots":{"index":"index","follow":"follow","max-snippet":"max-snippet:-1","max-image-preview":"max-image-preview:large","max-video-preview":"max-video-preview:-1"},"canonical":"https:\/\/memento-mori.fr\/fr\/produit\/moulages-orthopediques-denfants-entre-1900-et-1930\/","og_locale":"fr_FR","og_type":"article","og_title":"Moulages orthop\u00e9diques d'enfants entre 1900 et 1930 - MEMENTO-MORI","og_description":"Moulages de d\u00e9formations orthop\u00e9diques d&#8217;enfants en pl\u00e2tre. Quelques accidents mineurs.","og_site_name":"MEMENTO-MORI","article_publisher":"https:\/\/www.facebook.com\/mmtomori","article_modified_time":"2024-12-28T14:37:46+00:00","og_image":[{"width":1536,"height":1536,"url":"https:\/\/memento-mori.fr\/wp-content\/uploads\/2022\/08\/D1752-6.jpg","type":"image\/jpeg"}],"twitter_card":"summary_large_image","schema":{"@context":"https:\/\/schema.org","@graph":[{"@type":"WebPage","@id":"https:\/\/memento-mori.fr\/fr\/produit\/moulages-orthopediques-denfants-entre-1900-et-1930\/","url":"https:\/\/memento-mori.fr\/fr\/produit\/moulages-orthopediques-denfants-entre-1900-et-1930\/","name":"Moulages orthop\u00e9diques d'enfants entre 1900 et 1930 - MEMENTO-MORI","isPartOf":{"@id":"https:\/\/memento-mori.fr\/fr\/#website"},"primaryImageOfPage":{"@id":"https:\/\/memento-mori.fr\/fr\/produit\/moulages-orthopediques-denfants-entre-1900-et-1930\/#primaryimage"},"image":{"@id":"https:\/\/memento-mori.fr\/fr\/produit\/moulages-orthopediques-denfants-entre-1900-et-1930\/#primaryimage"},"thumbnailUrl":"https:\/\/memento-mori.fr\/wp-content\/uploads\/2022\/08\/D1752-6.jpg","datePublished":"2022-08-31T14:47:57+00:00","dateModified":"2024-12-28T14:37:46+00:00","breadcrumb":{"@id":"https:\/\/memento-mori.fr\/fr\/produit\/moulages-orthopediques-denfants-entre-1900-et-1930\/#breadcrumb"},"inLanguage":"fr-FR","potentialAction":[{"@type":"ReadAction","target":["https:\/\/memento-mori.fr\/fr\/produit\/moulages-orthopediques-denfants-entre-1900-et-1930\/"]}]},{"@type":"ImageObject","inLanguage":"fr-FR","@id":"https:\/\/memento-mori.fr\/fr\/produit\/moulages-orthopediques-denfants-entre-1900-et-1930\/#primaryimage","url":"https:\/\/memento-mori.fr\/wp-content\/uploads\/2022\/08\/D1752-6.jpg","contentUrl":"https:\/\/memento-mori.fr\/wp-content\/uploads\/2022\/08\/D1752-6.jpg","width":1536,"height":1536},{"@type":"BreadcrumbList","@id":"https:\/\/memento-mori.fr\/fr\/produit\/moulages-orthopediques-denfants-entre-1900-et-1930\/#breadcrumb","itemListElement":[{"@type":"ListItem","position":1,"name":"Accueil","item":"https:\/\/memento-mori.fr\/fr\/"},{"@type":"ListItem","position":2,"name":"Boutique","item":"https:\/\/memento-mori.fr\/fr\/?page_id=8"},{"@type":"ListItem","position":3,"name":"Moulages orthop\u00e9diques d&#8217;enfants entre 1900 et 1930"}]},{"@type":"WebSite","@id":"https:\/\/memento-mori.fr\/fr\/#website","url":"https:\/\/memento-mori.fr\/fr\/","name":"MEMENTO-MORI","description":"","publisher":{"@id":"https:\/\/memento-mori.fr\/fr\/#organization"},"potentialAction":[{"@type":"SearchAction","target":{"@type":"EntryPoint","urlTemplate":"https:\/\/memento-mori.fr\/fr\/?s={search_term_string}"},"query-input":{"@type":"PropertyValueSpecification","valueRequired":true,"valueName":"search_term_string"}}],"inLanguage":"fr-FR"},{"@type":"Organization","@id":"https:\/\/memento-mori.fr\/fr\/#organization","name":"MEMENTO-MORI","url":"https:\/\/memento-mori.fr\/fr\/","logo":{"@type":"ImageObject","inLanguage":"fr-FR","@id":"https:\/\/memento-mori.fr\/fr\/#\/schema\/logo\/image\/","url":"https:\/\/memento-mori.fr\/wp-content\/uploads\/2022\/05\/logo-MEMENTO-webpdf_noir.png","contentUrl":"https:\/\/memento-mori.fr\/wp-content\/uploads\/2022\/05\/logo-MEMENTO-webpdf_noir.png","width":200,"height":57,"caption":"MEMENTO-MORI"},"image":{"@id":"https:\/\/memento-mori.fr\/fr\/#\/schema\/logo\/image\/"},"sameAs":["https:\/\/www.facebook.com\/mmtomori","https:\/\/www.instagram.com\/mementomorigallery\/"]}]}},"_links":{"self":[{"href":"https:\/\/memento-mori.fr\/fr\/wp-json\/wp\/v2\/product\/5532","targetHints":{"allow":["GET"]}}],"collection":[{"href":"https:\/\/memento-mori.fr\/fr\/wp-json\/wp\/v2\/product"}],"about":[{"href":"https:\/\/memento-mori.fr\/fr\/wp-json\/wp\/v2\/types\/product"}],"wp:featuredmedia":[{"embeddable":true,"href":"https:\/\/memento-mori.fr\/fr\/wp-json\/wp\/v2\/media\/1597"}],"wp:attachment":[{"href":"https:\/\/memento-mori.fr\/fr\/wp-json\/wp\/v2\/media?parent=5532"}],"wp:term":[{"taxonomy":"product_brand","embeddable":true,"href":"https:\/\/memento-mori.fr\/fr\/wp-json\/wp\/v2\/product_brand?post=5532"},{"taxonomy":"product_cat","embeddable":true,"href":"https:\/\/memento-mori.fr\/fr\/wp-json\/wp\/v2\/product_cat?post=5532"},{"taxonomy":"product_tag","embeddable":true,"href":"https:\/\/memento-mori.fr\/fr\/wp-json\/wp\/v2\/product_tag?post=5532"},{"taxonomy":"product-types","embeddable":true,"href":"https:\/\/memento-mori.fr\/fr\/wp-json\/wp\/v2\/product-types?post=5532"}],"curies":[{"name":"wp","href":"https:\/\/api.w.org\/{rel}","templated":true}]}}